{"id":1669,"date":"2025-12-20T11:22:15","date_gmt":"2025-12-20T15:22:15","guid":{"rendered":"https:\/\/timbirichevida.com\/?page_id=1669"},"modified":"2026-05-09T10:23:52","modified_gmt":"2026-05-09T14:23:52","slug":"faq","status":"publish","type":"page","link":"https:\/\/timbirichevida.com\/es\/faq\/","title":{"rendered":"Preguntas frecuentes"},"content":{"rendered":"<div class=\"wp-block-cover\" style=\"min-height:232px;aspect-ratio:unset;\"><span aria-hidden=\"true\" class=\"wp-block-cover__background has-background-dim-100 has-background-dim\" style=\"background-color:#887c79\"><\/span><div class=\"wp-block-cover__inner-container is-layout-constrained wp-block-cover-is-layout-constrained\">\n<p class=\"has-text-align-center has-contrast-color has-text-color has-link-color has-x-large-font-size wp-elements-09a7800c5665c516967d7112bc470cec\" style=\"font-style:normal;font-weight:800;letter-spacing:5px;text-transform:uppercase\">frequently asked questions<\/p>\n<\/div><\/div>\n\n\n\n<div style=\"height:30px\" aria-hidden=\"true\" class=\"wp-block-spacer\"><\/div>\n\n\n\n<h5 class=\"wp-block-heading\" style=\"margin-right:var(--wp--preset--spacing--30);margin-left:var(--wp--preset--spacing--30)\">\u00bfQu\u00e9 es un coach de salud y bienestar?<\/h5>\n\n\n\n<p style=\"margin-right:var(--wp--preset--spacing--30);margin-left:var(--wp--preset--spacing--30)\" class=\"\">A health and wellness coach provides a supportive, client-centered space to help you make sustainable changes to your health and lifestyle. This work focuses on building habits, developing awareness, and strengthening the skills that support your wellbeing over time, while taking into account the different factors that influence how you feel and function in your daily life.<\/p>\n\n\n\n<h5 class=\"wp-block-heading\" style=\"margin-right:var(--wp--preset--spacing--30);margin-left:var(--wp--preset--spacing--30)\">\u00bfEn qu\u00e9 te apoya este trabajo?<\/h5>\n\n\n\n<p style=\"margin-right:var(--wp--preset--spacing--30);margin-left:var(--wp--preset--spacing--30)\" class=\"\">Este trabajo te apoya en el manejo del estr\u00e9s de una manera que te ayuda a recuperar energ\u00eda, ganar claridad y retomar el control de tu salud y bienestar. Adopta un enfoque integral, trabajando con tu alimentaci\u00f3n, movimiento y recuperaci\u00f3n de maneras que consideran tus necesidades, prioridades y objetivos.<\/p>\n\n\n\n<h5 class=\"wp-block-heading\" style=\"margin-right:var(--wp--preset--spacing--30);margin-left:var(--wp--preset--spacing--30)\">Qu\u00e9 significa un enfoque integral de la salud<\/h5>\n\n\n\n<p style=\"margin-right:var(--wp--preset--spacing--30);margin-left:var(--wp--preset--spacing--30)\" class=\"\">Un enfoque integral reconoce que tu salud f\u00edsica, estado mental, emociones y entorno diario est\u00e1n todos conectados. Observa c\u00f3mo tus h\u00e1bitos trabajan juntos para influir en c\u00f3mo te sientes y funcionas, con el objetivo de apoyar tu cuerpo de una manera realista y sostenible, para que tu salud se sienta estable y de apoyo en tu vida cotidiana.<\/p>\n\n\n\n<h5 class=\"wp-block-heading\" style=\"margin-right:var(--wp--preset--spacing--30);margin-left:var(--wp--preset--spacing--30)\">What this work does and does not include<\/h5>\n\n\n\n<p style=\"margin-right:var(--wp--preset--spacing--30);margin-left:var(--wp--preset--spacing--30)\" class=\"\">Este trabajo se centra en el apoyo al cambio de comportamiento y h\u00e1bitos, la rendici\u00f3n de cuentas y las estrategias de estilo de vida relacionadas con el manejo del estr\u00e9s que pueden influir en c\u00f3mo comes, te mueves y te recuperas.<\/p>\n\n\n\n<h5 class=\"wp-block-heading\" style=\"margin-right:var(--wp--preset--spacing--30);margin-left:var(--wp--preset--spacing--30)\">C\u00f3mo el coaching difiere de la atenci\u00f3n m\u00e9dica o la terapia<\/h5>\n\n\n\n<p style=\"margin-right:var(--wp--preset--spacing--30);margin-left:var(--wp--preset--spacing--30)\" class=\"\">El coaching no es atenci\u00f3n m\u00e9dica ni terapia. Se enfoca en tus h\u00e1bitos, rutinas y en fortalecer la forma en que tu sistema general te apoya d\u00eda a d\u00eda. Es un proceso pr\u00e1ctico y de apoyo que puede funcionar junto con la atenci\u00f3n de profesionales con licencia.<\/p>\n\n\n\n<p style=\"margin-right:var(--wp--preset--spacing--30);margin-left:var(--wp--preset--spacing--30)\" class=\"\">No diagnostico, trato ni receto. Si necesita atenci\u00f3n m\u00e9dica, le recomiendo trabajar con un profesional con licencia para asegurarse de que reciba el apoyo adecuado.<\/p>\n\n\n\n<h5 class=\"wp-block-heading\" style=\"margin-right:var(--wp--preset--spacing--30);margin-left:var(--wp--preset--spacing--30)\">My background and training<\/h5>\n\n\n\n<p style=\"margin-right:var(--wp--preset--spacing--30);margin-left:var(--wp--preset--spacing--30)\" class=\"\">I\u2019m certified in Integrative Nutrition, Sports Nutrition, Gut Health, and Self-Regulation. This training supports a whole-person approach to your health and helps you feel more grounded, steady, and clear in your daily life.<\/p>\n\n\n\n<p style=\"margin-right:var(--wp--preset--spacing--30);margin-left:var(--wp--preset--spacing--30)\" class=\"\">If you\u2019d like to explore how to reclaim your energy, gain clarity, and take back control, book a free 30-minute Clarity Call.<\/p>\n\n\n\n<div class=\"wp-block-buttons is-content-justification-center is-layout-flex wp-container-core-buttons-is-layout-a89b3969 wp-block-buttons-is-layout-flex\">\n<div class=\"is-style-outline wp-block-button is-style-outline--1\"><a class=\"wp-block-button__link has-contrast-color has-text-color has-background has-link-color has-border-color has-medium-font-size has-custom-font-size wp-element-button\" href=\"https:\/\/calendly.com\/amarie-timbirichevida\/claritycall\" style=\"border-color:#05544729;border-width:5px;border-top-left-radius:30px;border-top-right-radius:30px;border-bottom-left-radius:30px;border-bottom-right-radius:30px;background-color:#bac8b3;padding-top:10px;padding-right:var(--wp--preset--spacing--30);padding-bottom:10px;padding-left:var(--wp--preset--spacing--30)\" target=\"_blank\" rel=\"noreferrer noopener\">book a clarity call here<\/a><\/div>\n<\/div>\n\n\n\n<div style=\"height:30px\" aria-hidden=\"true\" class=\"wp-block-spacer\"><\/div>","protected":false},"excerpt":{"rendered":"<p>What is a Health and Wellness Coach A health and wellness coach provides a supportive, client-centered space to help you make sustainable changes to your health and lifestyle. This work focuses on building habits, developing awareness, and strengthening the skills that support your wellbeing over time, while taking into account the different factors that influence [&hellip;]<\/p>\n","protected":false},"author":1,"featured_media":0,"parent":0,"menu_order":0,"comment_status":"closed","ping_status":"closed","template":"superbaddons-page-template","meta":{"nf_dc_page":"","om_disable_all_campaigns":false,"_monsterinsights_skip_tracking":false,"_monsterinsights_sitenote_active":false,"_monsterinsights_sitenote_note":"","_monsterinsights_sitenote_category":0,"_uf_show_specific_survey":0,"_uf_disable_surveys":false,"footnotes":""},"class_list":["post-1669","page","type-page","status-publish","hentry"],"aioseo_notices":[],"jetpack_sharing_enabled":true,"jetpack_likes_enabled":false,"_links":{"self":[{"href":"https:\/\/timbirichevida.com\/es\/wp-json\/wp\/v2\/pages\/1669","targetHints":{"allow":["GET"]}}],"collection":[{"href":"https:\/\/timbirichevida.com\/es\/wp-json\/wp\/v2\/pages"}],"about":[{"href":"https:\/\/timbirichevida.com\/es\/wp-json\/wp\/v2\/types\/page"}],"author":[{"embeddable":true,"href":"https:\/\/timbirichevida.com\/es\/wp-json\/wp\/v2\/users\/1"}],"replies":[{"embeddable":true,"href":"https:\/\/timbirichevida.com\/es\/wp-json\/wp\/v2\/comments?post=1669"}],"version-history":[{"count":20,"href":"https:\/\/timbirichevida.com\/es\/wp-json\/wp\/v2\/pages\/1669\/revisions"}],"predecessor-version":[{"id":1886,"href":"https:\/\/timbirichevida.com\/es\/wp-json\/wp\/v2\/pages\/1669\/revisions\/1886"}],"wp:attachment":[{"href":"https:\/\/timbirichevida.com\/es\/wp-json\/wp\/v2\/media?parent=1669"}],"curies":[{"name":"wp","href":"https:\/\/api.w.org\/{rel}","templated":true}]}}